{"id":63,"date":"2023-07-09T22:06:01","date_gmt":"2023-07-09T20:06:01","guid":{"rendered":"http:\/\/cahiers-ikonium.fr\/?page_id=63"},"modified":"2023-08-14T12:12:05","modified_gmt":"2023-08-14T10:12:05","slug":"folio-3","status":"publish","type":"page","link":"https:\/\/cahiers-ikonium.fr\/index.php\/folio-3\/","title":{"rendered":"Cahier 3 : Islam et autres religions"},"content":{"rendered":"\n<figure class=\"wp-block-image aligncenter size-full\"><img loading=\"lazy\" decoding=\"async\" width=\"1810\" height=\"2560\" src=\"http:\/\/cahiers-ikonium.fr\/wp-content\/uploads\/2023\/08\/0-CAHIER-IKONIUM-3-ISLAM-ET-AUTRES-RELIGIONS-SOMMAIRE-_Page_1-scaled.jpg\" alt=\"\" class=\"wp-image-10889\" srcset=\"https:\/\/cahiers-ikonium.fr\/wp-content\/uploads\/2023\/08\/0-CAHIER-IKONIUM-3-ISLAM-ET-AUTRES-RELIGIONS-SOMMAIRE-_Page_1-scaled.jpg 1810w, https:\/\/cahiers-ikonium.fr\/wp-content\/uploads\/2023\/08\/0-CAHIER-IKONIUM-3-ISLAM-ET-AUTRES-RELIGIONS-SOMMAIRE-_Page_1-212x300.jpg 212w, https:\/\/cahiers-ikonium.fr\/wp-content\/uploads\/2023\/08\/0-CAHIER-IKONIUM-3-ISLAM-ET-AUTRES-RELIGIONS-SOMMAIRE-_Page_1-724x1024.jpg 724w, https:\/\/cahiers-ikonium.fr\/wp-content\/uploads\/2023\/08\/0-CAHIER-IKONIUM-3-ISLAM-ET-AUTRES-RELIGIONS-SOMMAIRE-_Page_1-768x1086.jpg 768w, https:\/\/cahiers-ikonium.fr\/wp-content\/uploads\/2023\/08\/0-CAHIER-IKONIUM-3-ISLAM-ET-AUTRES-RELIGIONS-SOMMAIRE-_Page_1-1086x1536.jpg 1086w\" sizes=\"auto, (max-width: 1810px) 100vw, 1810px\" \/><\/figure>\n\n\n<p style=\"text-align: center;\"><span style=\"font-family: elephant; font-size: 18pt;\"><strong>\u2022<\/strong><\/span><\/p>\n<p>\u00a0<\/p>\n\n\n<p class=\"has-text-align-center\" style=\"padding-right:100px;padding-left:100px;line-height:1.5\"><br><span style=\"font-family: elephant; font-size: 24pt;\"><a href=\"http:\/\/cahiers-ikonium.fr\/index.php\/f3c01\">Des territoires perdus de la R\u00e9publique\u2026<\/a> <span style=\"font-family: Helvetica; color: #c00000;\"><em>aux territoires perdus de<\/em> <em>la Nation<\/em><\/span><\/span><\/p>\n\n\n\n<p class=\"has-text-align-center\" style=\"padding-right:100px;padding-left:100px;line-height:1.5\"><span style=\"font-family: elephant; font-size: 24pt;\"><a href=\"http:\/\/cahiers-ikonium.fr\/index.php\/f3c02\">2084<\/a> <span style=\"color: #c00000; font-family: Helvetica;\"><em>Cher ami fran\u00e7ais\u2026<\/em><\/span><\/span><\/p>\n\n\n\n<p class=\"has-text-align-center\" style=\"padding-right:100px;padding-left:100px;line-height:1.5\"><span style=\"font-family: elephant; font-size: 24pt;\"><a href=\"http:\/\/cahiers-ikonium.fr\/index.php\/f3c03\">Iran \/ La mal\u00e9diction du<\/a> <a href=\"http:\/\/cahiers-ikonium.fr\/index.php\/f3c03\">religieux <\/a><em>&nbsp;<span style=\"color: #c00000; font-family: Helvetica;\">La d\u00e9faite de la pens\u00e9e d\u00e9mocratique en Iran<\/span><\/em><\/span><\/p>\n\n\n\n<p class=\"has-text-align-center\" style=\"padding-right:100px;padding-left:100px;line-height:1.5\"><span style=\"font-family: elephant; font-size: 24pt;\"><a href=\"http:\/\/cahiers-ikonium.fr\/index.php\/f3c04\">Vichy &amp;<\/a> <a href=\"http:\/\/cahiers-ikonium.fr\/index.php\/f3c04\">les Juifs<\/a>&nbsp; <span style=\"color: #c00000; font-family: Helvetica;\"><em>Pour l&rsquo;historien Robert Paxton, Vichy n&rsquo;a pas prot\u00e9g\u00e9 les<\/em> <em>Juifs fran\u00e7ais<\/em><\/span><\/span><\/p>\n\n\n\n<p class=\"has-text-align-center\" style=\"padding-right:100px;padding-left:100px;line-height:1.5\"><span style=\"font-family: elephant; font-size: 24pt;\"><a href=\"http:\/\/cahiers-ikonium.fr\/index.php\/f3c05\">Matthias K\u00fcntzel<\/a>&nbsp; <span style=\"font-family: Helvetica; color: #c00000;\"><em>Jih\u00e2d &amp; haine des Juifs<\/em><\/span><\/span><\/p>\n\n\n\n<p class=\"has-text-align-center\" style=\"padding-right:100px;padding-left:100px;line-height:1.5\"><span style=\"font-family: elephant; font-size: 24pt;\"><a href=\"http:\/\/cahiers-ikonium.fr\/index.php\/f3c06\">Malika Sorel-Sutter<\/a>&nbsp; <span style=\"color: #c00000; font-family: Helvetica;\"><em>D\u00e9composition fran\u00e7aise<\/em><\/span><\/span><\/p>\n\n\n\n<p class=\"has-text-align-center\" style=\"padding-right:100px;padding-left:100px;line-height:1.5\"><span style=\"font-family: elephant; font-size: 24pt;\"><a href=\"http:\/\/cahiers-ikonium.fr\/index.php\/f3c07\">93 novembre<\/a>&nbsp; <span style=\"font-family: Helvetica; color: #c00000;\"><em>Le<\/em> <em>lendemain<\/em><\/span><\/span><\/p>\n\n\n\n<p class=\"has-text-align-center\" style=\"padding-right:100px;padding-left:100px;line-height:1.5\"><span style=\"font-family: elephant; font-size: 24pt;\"><a href=\"http:\/\/cahiers-ikonium.fr\/index.php\/f3c08\">R\u00e9mi Brague<\/a>&nbsp; <span style=\"font-family: Helvetica; color: #c00000;\"><em>O\u00f9 va l\u2019histoire ?<\/em><\/span><\/span><\/p>\n\n\n\n<p class=\"has-text-align-center\" style=\"padding-right:100px;padding-left:100px;line-height:1.5\"><span style=\"font-family: elephant; font-size: 24pt;\"><a href=\"http:\/\/cahiers-ikonium.fr\/index.php\/f3c09\">Helv\u00e9tius &amp;<\/a> <a href=\"http:\/\/cahiers-ikonium.fr\/index.php\/f3c09\">d\u2019Holbach<\/a>&nbsp; <span style=\"color: #c00000; font-family: Helvetica;\"><em>Les Lumi\u00e8res au p\u00e9ril du b\u00fbcher<\/em><\/span><\/span><\/p>\n\n\n\n<p class=\"has-text-align-center\" style=\"padding-right:100px;padding-left:100px;line-height:1.5\"><span style=\"font-family: elephant; font-size: 24pt;\"><a href=\"http:\/\/cahiers-ikonium.fr\/index.php\/f3c10\">Aristote au Mont<\/a> <a href=\"http:\/\/cahiers-ikonium.fr\/index.php\/f3c10\">Saint-Michel <\/a><em>&nbsp;<span style=\"color: #c00000; font-family: Helvetica;\">Les racines grecques de l\u2019Europe chr\u00e9tienne<\/span><\/em><\/span><\/p>\n\n\n\n<p class=\"has-text-align-center\" style=\"padding-right:100px;padding-left:100px;line-height:1.5\"><span style=\"font-family: elephant; font-size: 24pt;\"><a href=\"http:\/\/cahiers-ikonium.fr\/index.php\/f3c11\">Pierre-Andr\u00e9 Taguieff <\/a><em>&nbsp;<span style=\"color: #c00000; font-family: Helvetica;\">Une France antijuive ?<\/span><\/em><\/span><\/p>\n\n\n\n<p class=\"has-text-align-center\" style=\"padding-right:100px;padding-left:100px;line-height:1.5\"><span style=\"font-family: elephant; font-size: 24pt;\"><a href=\"http:\/\/cahiers-ikonium.fr\/index.php\/f3c12\">Cologne \u00e0 l\u2019eau de rose<\/a>&nbsp; <span style=\"color: #c00000; font-family: Helvetica;\"><em>D\u00e9sinformation, suite<\/em><\/span><\/span><\/p>\n\n\n\n<p class=\"has-text-align-center\" style=\"padding-right:100px;padding-left:100px;line-height:1.5\"><span style=\"font-family: elephant; font-size: 24pt;\"><a href=\"http:\/\/cahiers-ikonium.fr\/index.php\/f3c13\">L\u2019invention de J\u00e9sus<\/a>&nbsp; <span style=\"color: #c00000; font-family: Helvetica;\"><em>L\u2019h\u00e9breu du Nouveau<\/em> <em>Testament<\/em><\/span><\/span><\/p>\n\n\n\n<p class=\"has-text-align-center\" style=\"padding-right:100px;padding-left:100px;line-height:1.5\"><span style=\"font-family: elephant; font-size: 24pt;\"><a href=\"http:\/\/cahiers-ikonium.fr\/index.php\/f3c14\">Adonis<\/a>&nbsp; <span style=\"color: #c00000; font-family: Helvetica;\"><em>Violence &amp; islam<\/em><\/span><\/span><\/p>\n\n\n\n<p class=\"has-text-align-center\" style=\"padding-right:100px;padding-left:100px;line-height:1.5\"><span style=\"font-family: elephant; font-size: 24pt;\"><a href=\"http:\/\/cahiers-ikonium.fr\/index.php\/f3c15\">Hamed Abdel-Samad<\/a>&nbsp; <span style=\"color: #c00000; font-family: Helvetica;\"><em>L&rsquo;islamisme est pr\u00e9sent d\u00e8s la naissance m\u00eame de l&rsquo;islam<\/em><\/span><\/span><\/p>\n\n\n\n<p class=\"has-text-align-center\" style=\"padding-right:100px;padding-left:100px;line-height:1.5\"><span style=\"font-family: elephant; font-size: 24pt;\"><a href=\"http:\/\/cahiers-ikonium.fr\/index.php\/f3c16\">Gilles<\/a> <a href=\"http:\/\/cahiers-ikonium.fr\/index.php\/f3c16\">Kepel<\/a>&nbsp; <span style=\"color: #c00000; font-family: Helvetica;\"><em>Les islamo-gauchistes, ces charlatans<\/em><\/span><\/span><\/p>\n\n\n\n<p class=\"has-text-align-center\" style=\"padding-right:100px;padding-left:100px;line-height:1.5\"><span style=\"font-family: elephant; font-size: 24pt;\"><a href=\"http:\/\/cahiers-ikonium.fr\/index.php\/f3c17\">L\u2019islamisme, l\u2019autre<\/a> <a href=\"http:\/\/cahiers-ikonium.fr\/index.php\/f3c17\">peste verte<\/a>&nbsp; <span style=\"color: #c00000; font-family: Helvetica;\"><em>Histoire de l\u2019islamisation fran\u00e7aise<\/em><\/span><\/span><\/p>\n\n\n\n<p class=\"has-text-align-center\" style=\"padding-right:100px;padding-left:100px;line-height:1.5\"><span style=\"font-family: elephant; font-size: 24pt;\"><a href=\"http:\/\/cahiers-ikonium.fr\/index.php\/f3c18\">Bernard Lewis<\/a>&nbsp; <span style=\"color: #c00000; font-family: Helvetica;\"><em>Islam : Que s\u2019est-il pass\u00e9 ?<\/em><\/span><\/span><\/p>\n\n\n\n<p class=\"has-text-align-center\" style=\"padding-right:100px;padding-left:100px;line-height:1.5\"><span style=\"font-family: elephant; font-size: 24pt;\"><a href=\"http:\/\/cahiers-ikonium.fr\/index.php\/f3c19\">Guerre sainte martyre &amp; terreur<\/a>&nbsp; <span style=\"color: #c00000; font-family: Helvetica;\"><em>Les<\/em> <em>formes chr\u00e9tiennes de la violence en Occident<\/em><\/span><\/span><\/p>\n\n\n\n<p class=\"has-text-align-center\" style=\"padding-right:100px;padding-left:100px;line-height:1.5\"><span style=\"font-family: elephant; font-size: 24pt;\"><a href=\"http:\/\/cahiers-ikonium.fr\/index.php\/f3c20\">Al-Andalus<\/a>&nbsp; <span style=\"color: #c00000; font-family: Helvetica;\"><em>L\u2019invention d\u2019un mythe<\/em><\/span><\/span><\/p>\n\n\n\n<p class=\"has-text-align-center\" style=\"padding-right:100px;padding-left:100px;line-height:1.5\"><span style=\"font-family: elephant; font-size: 24pt;\"><a href=\"http:\/\/cahiers-ikonium.fr\/index.php\/f3c21\">Bat Ye\u2019or<\/a>&nbsp; <span style=\"color: #c00000; font-family: Helvetica;\"><em>Le dhimmi<\/em><\/span><\/span><\/p>\n\n\n\n<p class=\"has-text-align-center\" style=\"padding-right:100px;padding-left:100px;line-height:1.5\"><span style=\"font-family: elephant; font-size: 24pt;\"><a href=\"http:\/\/cahiers-ikonium.fr\/index.php\/f3c22\">Jean Birnbaum<\/a>&nbsp; <span style=\"color: #c00000; font-family: Helvetica;\"><em>La religion des faibles<\/em><\/span><\/span><\/p>\n\n\n\n<p class=\"has-text-align-center\" style=\"padding-right:100px;padding-left:100px;line-height:1.5\"><span style=\"font-family: elephant; font-size: 24pt;\"><a href=\"http:\/\/cahiers-ikonium.fr\/index.php\/f3c23\">Heidegger<\/a>&nbsp; <span style=\"color: #c00000; font-family: Helvetica;\"><em>Messie antis\u00e9mite<\/em><\/span><\/span><\/p>\n\n\n\n<p class=\"has-text-align-center\" style=\"padding-right:100px;padding-left:100px;line-height:1.5\"><span style=\"font-family: elephant; font-size: 24pt;\"><a href=\"http:\/\/cahiers-ikonium.fr\/index.php\/f3c24\">Pierre Manent<\/a>&nbsp; <span style=\"color: #c00000; font-family: Helvetica;\"><em>Situation de la France<\/em><\/span><\/span><\/p>\n\n\n\n<p class=\"has-text-align-center\" style=\"padding-right:100px;padding-left:100px;line-height:1.5\"><span style=\"font-family: elephant; font-size: 24pt;\"><a href=\"http:\/\/cahiers-ikonium.fr\/index.php\/f3c25\">Philippe<\/a> <a href=\"http:\/\/cahiers-ikonium.fr\/index.php\/f3c25\">Raynaud<\/a>&nbsp; <span style=\"color: #c00000; font-family: Helvetica;\"><em>La la\u00efcit\u00e9<\/em><\/span><\/span><\/p>\n\n\n\n<p class=\"has-text-align-center\" style=\"padding-right:100px;padding-left:100px;line-height:1.5\"><span style=\"font-family: elephant; font-size: 24pt;\"><a href=\"http:\/\/cahiers-ikonium.fr\/index.php\/f3c26\">Zineb<\/a>&nbsp; <span style=\"color: #c00000; font-family: Helvetica;\"><em>D\u00e9truire le fascisme islamique<\/em><\/span><\/span><\/p>\n\n\n\n<p class=\"has-text-align-center\" style=\"padding-right:100px;padding-left:100px;line-height:1.5\"><span style=\"font-family: elephant; font-size: 24pt;\"><a href=\"http:\/\/cahiers-ikonium.fr\/index.php\/f3c27\">Le<\/a> <a href=\"http:\/\/cahiers-ikonium.fr\/index.php\/f3c27\">Fr\u00e9risme<\/a>&nbsp; <span style=\"color: #c00000; font-family: Helvetica;\"><em>et ses r\u00e9seaux<\/em><\/span><\/span><\/p>\n\n\n\n<p class=\"has-text-align-center\" style=\"padding-right:100px;padding-left:100px;line-height:1.5\"><span style=\"font-family: elephant; font-size: 24pt;\"><a href=\"http:\/\/cahiers-ikonium.fr\/index.php\/f3c28\">L\u2019affaire Mila<\/a>&nbsp; <span style=\"font-family: Helvetica; color: #c00000;\"><em>Le nouveau d\u00e9lit de blasph\u00e8me<\/em><\/span><\/span><\/p>\n\n\n\n<p class=\"has-text-align-center\" style=\"padding-right:100px;padding-left:100px;line-height:1.5\"><span style=\"font-family: elephant; font-size: 24pt;\"><a href=\"http:\/\/cahiers-ikonium.fr\/index.php\/f3c29\">Philippe d\u2019Iribarne<\/a>&nbsp; <span style=\"color: #c00000; font-family: Helvetica;\"><em>Islamophobie<\/em><\/span><\/span><\/p>\n\n\n\n<p class=\"has-text-align-center\" style=\"padding-right:100px;padding-left:100px;line-height:1.5\"><span style=\"font-family: elephant; font-size: 24pt;\"><a href=\"http:\/\/cahiers-ikonium.fr\/index.php\/f3c30\">Nicolas Grimaldi<\/a>&nbsp; <span style=\"color: #c00000; font-family: Helvetica;\"><em>Une d\u00e9mence ordinaire<\/em><\/span><\/span><\/p>\n\n\n\n<p class=\"has-text-align-center\" style=\"padding-right:100px;padding-left:100px;line-height:1.5\"><span style=\"font-family: elephant; font-size: 24pt;\"><a href=\"http:\/\/cahiers-ikonium.fr\/index.php\/f3c31\">Jeanne Favret-Saada<\/a>&nbsp; <span style=\"color: #c00000; font-family: Helvetica;\"><em>Les habits neufs du d\u00e9lit de blasph\u00e8me<\/em><\/span><\/span><\/p>\n\n\n\n<p class=\"has-text-align-center\" style=\"padding-right:100px;padding-left:100px;line-height:1.5\"><span style=\"font-family: elephant; font-size: 24pt;\"><a href=\"http:\/\/cahiers-ikonium.fr\/index.php\/f3c32\">Fatiha Boudjahlat<\/a>&nbsp; <span style=\"color: #c00000; font-family: Helvetica;\"><em>Le grand d\u00e9tournement<\/em><\/span><\/span><\/p>\n\n\n\n<p class=\"has-text-align-center\" style=\"padding-right:100px;padding-left:100px;line-height:1.5\"><span style=\"font-family: elephant; font-size: 24pt;\"><a href=\"http:\/\/cahiers-ikonium.fr\/index.php\/f3c33\">Laurent Bouvet<\/a>&nbsp; <span style=\"color: #c00000; font-family: Helvetica;\"><em>La nouvelle question la\u00efque<\/em><\/span><\/span><\/p>\n\n\n\n<p class=\"has-text-align-center\" style=\"padding-right:100px;padding-left:100px;line-height:1.5\"><span style=\"font-family: elephant; font-size: 24pt;\"><a href=\"http:\/\/cahiers-ikonium.fr\/index.php\/f3c34\">Catherine Kintzler<\/a>&nbsp; <span style=\"color: #c00000; font-family: Helvetica;\"><em>Penser la la\u00efcit\u00e9<\/em><\/span><\/span><\/p>\n\n\n\n<p class=\"has-text-align-center\" style=\"padding-right:100px;padding-left:100px;line-height:1.5\"><span style=\"font-family: elephant; font-size: 24pt;\"><a href=\"http:\/\/cahiers-ikonium.fr\/index.php\/f3c35\">Christopher Caldwell<\/a>&nbsp; <span style=\"color: #c00000; font-family: Helvetica;\"><em>Une r\u00e9volution sous nos<\/em> <em>yeux<\/em><\/span><\/span><\/p>\n\n\n<p>\u00a0<\/p>\n<p style=\"text-align: center;\"><span style=\"font-family: elephant; font-size: 18pt;\"><strong>\u2022<\/strong><\/span><\/p>\n<p style=\"text-align: center;\"><span style=\"font-family: Arial Black, Avant Garde; font-size: 12pt;\"><a href=\"http:\/\/cahiers-ikonium.fr\/\" target=\"_blank\" rel=\"noopener\">RETOUR \u00c0 L\u2019ACCUEIL<\/a><\/span><\/p>","protected":false},"excerpt":{"rendered":"<p>\u2022 \u00a0 Des territoires perdus de la R\u00e9publique\u2026 aux territoires perdus de la Nation 2084 Cher ami fran\u00e7ais\u2026 Iran \/ La mal\u00e9diction du religieux &nbsp;La d\u00e9faite de la pens\u00e9e d\u00e9mocratique en Iran Vichy &amp; les Juifs&nbsp; Pour l&rsquo;historien Robert Paxton, Vichy n&rsquo;a pas prot\u00e9g\u00e9 les Juifs fran\u00e7ais Matthias K\u00fcntzel&nbsp; Jih\u00e2d &amp; haine des Juifs Malika &hellip;<\/p>\n<p class=\"read-more\"> <a class=\"\" href=\"https:\/\/cahiers-ikonium.fr\/index.php\/folio-3\/\"> <span class=\"screen-reader-text\">Cahier 3 : Islam et autres religions<\/span> Lire la suite\u00a0\u00bb<\/a><\/p>\n","protected":false},"author":1,"featured_media":0,"parent":0,"menu_order":0,"comment_status":"closed","ping_status":"closed","template":"","meta":{"site-sidebar-layout":"default","site-content-layout":"default","ast-global-header-display":"","ast-banner-title-visibility":"","ast-main-header-display":"","ast-hfb-above-header-display":"","ast-hfb-below-header-display":"","ast-hfb-mobile-header-display":"","site-post-title":"","ast-breadcrumbs-content":"","ast-featured-img":"","footer-sml-layout":"","theme-transparent-header-meta":"","adv-header-id-meta":"","stick-header-meta":"","header-above-stick-meta":"","header-main-stick-meta":"","header-below-stick-meta":"","footnotes":""},"class_list":["post-63","page","type-page","status-publish","hentry"],"acf":[],"yoast_head":"<!-- This site is optimized with the Yoast SEO plugin v20.13 - https:\/\/yoast.com\/wordpress\/plugins\/seo\/ -->\n<title>Cahier 3 : Islam et autres religions -<\/title>\n<meta name=\"description\" content=\"cahiers ikonium cahiers-ikonium\" \/>\n<meta name=\"robots\" content=\"index, follow, max-snippet:-1, max-image-preview:large, max-video-preview:-1\" \/>\n<link rel=\"canonical\" href=\"https:\/\/cahiers-ikonium.fr\/index.php\/folio-3\/\" \/>\n<meta property=\"og:locale\" content=\"fr_FR\" \/>\n<meta property=\"og:type\" content=\"article\" \/>\n<meta property=\"og:title\" content=\"Cahier 3 : Islam et autres religions -\" \/>\n<meta property=\"og:description\" content=\"cahiers ikonium cahiers-ikonium\" \/>\n<meta property=\"og:url\" content=\"https:\/\/cahiers-ikonium.fr\/index.php\/folio-3\/\" \/>\n<meta property=\"article:modified_time\" content=\"2023-08-14T10:12:05+00:00\" \/>\n<meta property=\"og:image\" content=\"http:\/\/cahiers-ikonium.fr\/wp-content\/uploads\/2023\/08\/0-CAHIER-IKONIUM-3-ISLAM-ET-AUTRES-RELIGIONS-SOMMAIRE-_Page_1-scaled.jpg\" \/>\n<meta name=\"twitter:card\" content=\"summary_large_image\" \/>\n<meta name=\"twitter:label1\" content=\"Dur\u00e9e de lecture estim\u00e9e\" \/>\n\t<meta name=\"twitter:data1\" content=\"2 minutes\" \/>\n<script type=\"application\/ld+json\" class=\"yoast-schema-graph\">{\"@context\":\"https:\/\/schema.org\",\"@graph\":[{\"@type\":\"WebPage\",\"@id\":\"https:\/\/cahiers-ikonium.fr\/index.php\/folio-3\/\",\"url\":\"https:\/\/cahiers-ikonium.fr\/index.php\/folio-3\/\",\"name\":\"Cahier 3 : Islam et autres religions -\",\"isPartOf\":{\"@id\":\"http:\/\/cahiers-ikonium.fr\/#website\"},\"datePublished\":\"2023-07-09T20:06:01+00:00\",\"dateModified\":\"2023-08-14T10:12:05+00:00\",\"description\":\"cahiers ikonium cahiers-ikonium\",\"breadcrumb\":{\"@id\":\"https:\/\/cahiers-ikonium.fr\/index.php\/folio-3\/#breadcrumb\"},\"inLanguage\":\"fr-FR\",\"potentialAction\":[{\"@type\":\"ReadAction\",\"target\":[\"https:\/\/cahiers-ikonium.fr\/index.php\/folio-3\/\"]}]},{\"@type\":\"BreadcrumbList\",\"@id\":\"https:\/\/cahiers-ikonium.fr\/index.php\/folio-3\/#breadcrumb\",\"itemListElement\":[{\"@type\":\"ListItem\",\"position\":1,\"name\":\"Accueil\",\"item\":\"http:\/\/cahiers-ikonium.fr\/\"},{\"@type\":\"ListItem\",\"position\":2,\"name\":\"Cahier 3 : Islam et autres religions\"}]},{\"@type\":\"WebSite\",\"@id\":\"http:\/\/cahiers-ikonium.fr\/#website\",\"url\":\"http:\/\/cahiers-ikonium.fr\/\",\"name\":\"Cahiers Ikonium\",\"description\":\"\",\"potentialAction\":[{\"@type\":\"SearchAction\",\"target\":{\"@type\":\"EntryPoint\",\"urlTemplate\":\"http:\/\/cahiers-ikonium.fr\/?s={search_term_string}\"},\"query-input\":\"required name=search_term_string\"}],\"inLanguage\":\"fr-FR\"}]}<\/script>\n<!-- \/ Yoast SEO plugin. -->","yoast_head_json":{"title":"Cahier 3 : Islam et autres religions -","description":"cahiers ikonium cahiers-ikonium","robots":{"index":"index","follow":"follow","max-snippet":"max-snippet:-1","max-image-preview":"max-image-preview:large","max-video-preview":"max-video-preview:-1"},"canonical":"https:\/\/cahiers-ikonium.fr\/index.php\/folio-3\/","og_locale":"fr_FR","og_type":"article","og_title":"Cahier 3 : Islam et autres religions -","og_description":"cahiers ikonium cahiers-ikonium","og_url":"https:\/\/cahiers-ikonium.fr\/index.php\/folio-3\/","article_modified_time":"2023-08-14T10:12:05+00:00","og_image":[{"url":"http:\/\/cahiers-ikonium.fr\/wp-content\/uploads\/2023\/08\/0-CAHIER-IKONIUM-3-ISLAM-ET-AUTRES-RELIGIONS-SOMMAIRE-_Page_1-scaled.jpg"}],"twitter_card":"summary_large_image","twitter_misc":{"Dur\u00e9e de lecture estim\u00e9e":"2 minutes"},"schema":{"@context":"https:\/\/schema.org","@graph":[{"@type":"WebPage","@id":"https:\/\/cahiers-ikonium.fr\/index.php\/folio-3\/","url":"https:\/\/cahiers-ikonium.fr\/index.php\/folio-3\/","name":"Cahier 3 : Islam et autres religions -","isPartOf":{"@id":"http:\/\/cahiers-ikonium.fr\/#website"},"datePublished":"2023-07-09T20:06:01+00:00","dateModified":"2023-08-14T10:12:05+00:00","description":"cahiers ikonium cahiers-ikonium","breadcrumb":{"@id":"https:\/\/cahiers-ikonium.fr\/index.php\/folio-3\/#breadcrumb"},"inLanguage":"fr-FR","potentialAction":[{"@type":"ReadAction","target":["https:\/\/cahiers-ikonium.fr\/index.php\/folio-3\/"]}]},{"@type":"BreadcrumbList","@id":"https:\/\/cahiers-ikonium.fr\/index.php\/folio-3\/#breadcrumb","itemListElement":[{"@type":"ListItem","position":1,"name":"Accueil","item":"http:\/\/cahiers-ikonium.fr\/"},{"@type":"ListItem","position":2,"name":"Cahier 3 : Islam et autres religions"}]},{"@type":"WebSite","@id":"http:\/\/cahiers-ikonium.fr\/#website","url":"http:\/\/cahiers-ikonium.fr\/","name":"Cahiers Ikonium","description":"","potentialAction":[{"@type":"SearchAction","target":{"@type":"EntryPoint","urlTemplate":"http:\/\/cahiers-ikonium.fr\/?s={search_term_string}"},"query-input":"required name=search_term_string"}],"inLanguage":"fr-FR"}]}},"_links":{"self":[{"href":"https:\/\/cahiers-ikonium.fr\/index.php\/wp-json\/wp\/v2\/pages\/63","targetHints":{"allow":["GET"]}}],"collection":[{"href":"https:\/\/cahiers-ikonium.fr\/index.php\/wp-json\/wp\/v2\/pages"}],"about":[{"href":"https:\/\/cahiers-ikonium.fr\/index.php\/wp-json\/wp\/v2\/types\/page"}],"author":[{"embeddable":true,"href":"https:\/\/cahiers-ikonium.fr\/index.php\/wp-json\/wp\/v2\/users\/1"}],"replies":[{"embeddable":true,"href":"https:\/\/cahiers-ikonium.fr\/index.php\/wp-json\/wp\/v2\/comments?post=63"}],"version-history":[{"count":18,"href":"https:\/\/cahiers-ikonium.fr\/index.php\/wp-json\/wp\/v2\/pages\/63\/revisions"}],"predecessor-version":[{"id":10906,"href":"https:\/\/cahiers-ikonium.fr\/index.php\/wp-json\/wp\/v2\/pages\/63\/revisions\/10906"}],"wp:attachment":[{"href":"https:\/\/cahiers-ikonium.fr\/index.php\/wp-json\/wp\/v2\/media?parent=63"}],"curies":[{"name":"wp","href":"https:\/\/api.w.org\/{rel}","templated":true}]}}