{"id":39,"date":"2023-07-09T20:43:45","date_gmt":"2023-07-09T18:43:45","guid":{"rendered":"http:\/\/cahiers-ikonium.fr\/?page_id=39"},"modified":"2023-08-14T12:11:10","modified_gmt":"2023-08-14T10:11:10","slug":"folio-1","status":"publish","type":"page","link":"https:\/\/cahiers-ikonium.fr\/index.php\/folio-1\/","title":{"rendered":"Cahier 1 : L\u2019art contemporain\/conceptuel, crash de l\u2019Histoire de l\u2019Art"},"content":{"rendered":"\n<figure class=\"wp-block-image aligncenter size-full\"><img loading=\"lazy\" decoding=\"async\" width=\"1810\" height=\"2560\" src=\"http:\/\/cahiers-ikonium.fr\/wp-content\/uploads\/2023\/08\/0-CAHIER-IKONIUM-1-LART-CONTEMPORAIN-CONCEPTUEL-CRASH-DE-LHISTOIRE-DE-LART-SOMMAIRE_Page_1-scaled.jpg\" alt=\"\" class=\"wp-image-10887\" srcset=\"https:\/\/cahiers-ikonium.fr\/wp-content\/uploads\/2023\/08\/0-CAHIER-IKONIUM-1-LART-CONTEMPORAIN-CONCEPTUEL-CRASH-DE-LHISTOIRE-DE-LART-SOMMAIRE_Page_1-scaled.jpg 1810w, https:\/\/cahiers-ikonium.fr\/wp-content\/uploads\/2023\/08\/0-CAHIER-IKONIUM-1-LART-CONTEMPORAIN-CONCEPTUEL-CRASH-DE-LHISTOIRE-DE-LART-SOMMAIRE_Page_1-212x300.jpg 212w, https:\/\/cahiers-ikonium.fr\/wp-content\/uploads\/2023\/08\/0-CAHIER-IKONIUM-1-LART-CONTEMPORAIN-CONCEPTUEL-CRASH-DE-LHISTOIRE-DE-LART-SOMMAIRE_Page_1-724x1024.jpg 724w, https:\/\/cahiers-ikonium.fr\/wp-content\/uploads\/2023\/08\/0-CAHIER-IKONIUM-1-LART-CONTEMPORAIN-CONCEPTUEL-CRASH-DE-LHISTOIRE-DE-LART-SOMMAIRE_Page_1-768x1086.jpg 768w, https:\/\/cahiers-ikonium.fr\/wp-content\/uploads\/2023\/08\/0-CAHIER-IKONIUM-1-LART-CONTEMPORAIN-CONCEPTUEL-CRASH-DE-LHISTOIRE-DE-LART-SOMMAIRE_Page_1-1086x1536.jpg 1086w\" sizes=\"auto, (max-width: 1810px) 100vw, 1810px\" \/><\/figure>\n\n\n<p style=\"text-align: center;\"><span style=\"font-family: elephant; font-size: 18pt;\"><strong>\u2022<\/strong><\/span><\/p>\n<p>\u00a0<\/p>\n\n\n<p class=\"has-text-align-center\" style=\"padding-right:100px;padding-left:100px;line-height:1.5\"><span style=\"font-size: 24pt;\"><a href=\"http:\/\/cahiers-ikonium.fr\/index.php\/f1c01\" data-type=\"URL\" data-id=\"http:\/\/cahiers-ikonium.fr\/index.php\/f1c01\"><span style=\"font-family: elephant;\">Philippe Muray<\/span><\/a> <span style=\"color: #c00000; font-family: Helvetica;\"><em>J\u2019insiste sur l\u2019art contemporain <\/em><\/span><\/span><span style=\"font-size: 24pt; color: #c00000;\"><span style=\"font-family: Helvetica;\"><em>parce qu\u2019il est \u00e0 la t\u00eate du grand mouvement de d\u00e9b\u00e2cle g\u00e9n\u00e9rale<\/em><\/span><\/span><\/p>\n\n\n\n<p class=\"has-text-align-center\" style=\"padding-right:100px;padding-left:100px;line-height:1.5\"><span style=\"font-size: 24pt;\"><a href=\"http:\/\/cahiers-ikonium.fr\/index.php\/f1c02\"><span style=\"font-family: elephant;\">Jean-Fran\u00e7ois Matt\u00e9i <\/span><\/a>&nbsp;<span style=\"color: #c00000; font-family: Helvetica;\"><em>Essai sur la d\u00e9construction de la culture<\/em><\/span><\/span><\/p>\n\n\n\n<p class=\"has-text-align-center\" style=\"padding-right:100px;padding-left:100px;line-height:1.5\"><span style=\"font-size: 24pt;\"><a href=\"http:\/\/cahiers-ikonium.fr\/index.php\/f1c03\"><span style=\"font-family: elephant;\">Mario Vargas Llosa<\/span> &nbsp;<\/a><span style=\"color: #c00000;\"><em><span style=\"font-family: Helvetica;\">La civilisation du spectacle<\/span> <\/em><\/span><\/span><\/p>\n\n\n\n<p class=\"has-text-align-center\" style=\"padding-right:100px;padding-left:100px;line-height:1.5\"><span style=\"font-size: 24pt;\"><a href=\"http:\/\/cahiers-ikonium.fr\/index.php\/f1c04\"><span style=\"font-family: elephant;\">Beno\u00eet Duteurtre<\/span><\/a><em>&nbsp; <span style=\"font-family: Helvetica; color: #c00000;\">Requiem pour une avant-garde<\/span><\/em><\/span><\/p>\n\n\n\n<p class=\"has-text-align-center\" style=\"padding-right:100px;padding-left:100px;line-height:1.5\"><span style=\"font-size: 24pt;\"><a href=\"http:\/\/cahiers-ikonium.fr\/index.php\/f1c05\"><span style=\"font-family: elephant;\">Andr\u00e9 Comte-Sponville<\/span> <span style=\"font-family: Helvetica; color: #ff0000;\">&nbsp;<\/span><\/a><span style=\"font-family: Helvetica; color: #c00000;\"><em>Art contemporain<\/em><\/span><\/span><\/p>\n\n\n\n<p class=\"has-text-align-center\" style=\"padding-right:100px;padding-left:100px;line-height:1.5\"><span style=\"font-size: 24pt;\"><a href=\"http:\/\/cahiers-ikonium.fr\/index.php\/f1c06\"><span style=\"font-family: Helvetica;\"><span style=\"font-family: elephant;\">Aude de Kerros<\/span><\/span> <\/a><span style=\"font-family: elephant;\">&nbsp;<\/span><span style=\"color: #c00000;\"><em><span style=\"font-family: Helvetica;\">L\u2019expression \u201cArt Contemporain\u201d<\/span> <\/em><\/span><\/span><\/p>\n\n\n\n<p class=\"has-text-align-center\" style=\"padding-right:100px;padding-left:100px;line-height:1.5\"><span style=\"font-size: 24pt;\"><a href=\"http:\/\/cahiers-ikonium.fr\/index.php\/f1c07\"><span style=\"font-family: elephant;\">Picasso<\/span> <\/a>&nbsp;<span style=\"color: #c00000; font-family: Helvetica;\"><em>L\u2019ogre passe \u00e0 table<\/em><\/span><\/span><\/p>\n\n\n\n<p class=\"has-text-align-center\" style=\"padding-right:100px;padding-left:100px;line-height:1.5\"><span style=\"font-size: 24pt;\"><a href=\"http:\/\/cahiers-ikonium.fr\/index.php\/f1c08\"><span style=\"font-family: elephant;\">Jean Clair<\/span> &nbsp;<\/a><span style=\"color: #ff0000; font-family: Helvetica;\"><span style=\"color: #c00000;\"><em>Consid\u00e9rations sur l\u2019\u00e9tat des beaux-arts<\/em><\/span>&nbsp; <\/span><\/span><\/p>\n\n\n\n<p class=\"has-text-align-center\" style=\"padding-right:100px;padding-left:100px;line-height:1.5\"><span style=\"font-size: 24pt;\"><a href=\"http:\/\/cahiers-ikonium.fr\/index.php\/f1c09\"><span style=\"font-family: elephant;\">Nicolas Grimaldi<\/span> <\/a>&nbsp;<span style=\"font-family: Helvetica; color: #c00000;\"><em>L\u2019effervescence du vide<\/em><\/span><\/span><\/p>\n\n\n\n<p class=\"has-text-align-center\" style=\"padding-right:100px;padding-left:100px;line-height:1.5\"><span style=\"font-size: 24pt;\"><a href=\"http:\/\/cahiers-ikonium.fr\/index.php\/f1c10\"><span style=\"font-family: elephant;\">Jean-Louis Harouel &nbsp;<\/span><\/a><span style=\"color: #c00000; font-family: Helvetica;\"><em>La grande falsification<\/em><\/span><\/span><\/p>\n\n\n\n<p class=\"has-text-align-center\" style=\"padding-right:100px;padding-left:100px;line-height:1.5\"><span style=\"font-size: 24pt;\"><a href=\"http:\/\/cahiers-ikonium.fr\/index.php\/f1c11\"><span style=\"font-family: elephant;\">Christine Sourgins<\/span> <\/a><span style=\"color: #ff0000; font-family: Helvetica;\">&nbsp;<span style=\"color: #c00000;\"><em>Les mirages de l\u2019Art contemporain<\/em><\/span><\/span><\/span><\/p>\n\n\n\n<p class=\"has-text-align-center\" style=\"padding-right:100px;padding-left:100px;line-height:1.5\"><span style=\"font-size: 24pt;\"><a href=\"http:\/\/cahiers-ikonium.fr\/index.php\/f1c12\"><span style=\"font-family: elephant;\">Marc Fumaroli<\/span> <\/a>&nbsp;<span style=\"font-family: Helvetica; color: #c00000;\"><em>L\u2019\u00c9tat culturel<\/em><\/span><\/span><\/p>\n\n\n<p>\u00a0<\/p>\n<p style=\"text-align: center;\"><span style=\"font-family: elephant; font-size: 18pt;\"><strong>\u2022<\/strong><\/span><\/p>\n<p style=\"text-align: center;\"><span style=\"font-family: Arial Black, Avant Garde;\"><a href=\"http:\/\/cahiers-ikonium.fr\/\" target=\"_blank\" rel=\"noopener\"><span style=\"font-size: 14pt;\"><span style=\"font-size: 12pt;\">RETOUR \u00c0 L\u2019ACCUEIL<\/span><\/span><\/a><\/span><\/p>","protected":false},"excerpt":{"rendered":"<p>\u2022 \u00a0 Philippe Muray J\u2019insiste sur l\u2019art contemporain parce qu\u2019il est \u00e0 la t\u00eate du grand mouvement de d\u00e9b\u00e2cle g\u00e9n\u00e9rale Jean-Fran\u00e7ois Matt\u00e9i &nbsp;Essai sur la d\u00e9construction de la culture Mario Vargas Llosa &nbsp;La civilisation du spectacle Beno\u00eet Duteurtre&nbsp; Requiem pour une avant-garde Andr\u00e9 Comte-Sponville &nbsp;Art contemporain Aude de Kerros &nbsp;L\u2019expression \u201cArt Contemporain\u201d Picasso &nbsp;L\u2019ogre passe &hellip;<\/p>\n<p class=\"read-more\"> <a class=\"\" href=\"https:\/\/cahiers-ikonium.fr\/index.php\/folio-1\/\"> <span class=\"screen-reader-text\">Cahier 1 : L\u2019art contemporain\/conceptuel, crash de l\u2019Histoire de l\u2019Art<\/span> Lire la suite\u00a0\u00bb<\/a><\/p>\n","protected":false},"author":1,"featured_media":0,"parent":0,"menu_order":0,"comment_status":"closed","ping_status":"closed","template":"","meta":{"site-sidebar-layout":"default","site-content-layout":"default","ast-global-header-display":"","ast-banner-title-visibility":"","ast-main-header-display":"","ast-hfb-above-header-display":"","ast-hfb-below-header-display":"","ast-hfb-mobile-header-display":"","site-post-title":"","ast-breadcrumbs-content":"","ast-featured-img":"","footer-sml-layout":"","theme-transparent-header-meta":"","adv-header-id-meta":"","stick-header-meta":"","header-above-stick-meta":"","header-main-stick-meta":"","header-below-stick-meta":"","footnotes":""},"class_list":["post-39","page","type-page","status-publish","hentry"],"acf":[],"yoast_head":"<!-- This site is optimized with the Yoast SEO plugin v20.13 - https:\/\/yoast.com\/wordpress\/plugins\/seo\/ -->\n<title>Cahier 1 : L\u2019art contemporain\/conceptuel, crash de l\u2019Histoire de l\u2019Art -<\/title>\n<meta name=\"description\" content=\"cahiers ikonium cahiers-ikonium\" \/>\n<meta name=\"robots\" content=\"index, follow, max-snippet:-1, max-image-preview:large, max-video-preview:-1\" \/>\n<link rel=\"canonical\" href=\"http:\/\/cahiers-ikonium.fr\/index.php\/folio-1\/\" \/>\n<meta property=\"og:locale\" content=\"fr_FR\" \/>\n<meta property=\"og:type\" content=\"article\" \/>\n<meta property=\"og:title\" content=\"Cahier 1 : L\u2019art contemporain\/conceptuel, crash de l\u2019Histoire de l\u2019Art -\" \/>\n<meta property=\"og:description\" content=\"cahiers ikonium cahiers-ikonium\" \/>\n<meta property=\"og:url\" content=\"http:\/\/cahiers-ikonium.fr\/index.php\/folio-1\/\" \/>\n<meta property=\"article:modified_time\" content=\"2023-08-14T10:11:10+00:00\" \/>\n<meta property=\"og:image\" content=\"http:\/\/cahiers-ikonium.fr\/wp-content\/uploads\/2023\/08\/0-CAHIER-IKONIUM-1-LART-CONTEMPORAIN-CONCEPTUEL-CRASH-DE-LHISTOIRE-DE-LART-SOMMAIRE_Page_1-scaled.jpg\" \/>\n<meta name=\"twitter:card\" content=\"summary_large_image\" \/>\n<meta name=\"twitter:label1\" content=\"Dur\u00e9e de lecture estim\u00e9e\" \/>\n\t<meta name=\"twitter:data1\" content=\"1 minute\" \/>\n<script type=\"application\/ld+json\" class=\"yoast-schema-graph\">{\"@context\":\"https:\/\/schema.org\",\"@graph\":[{\"@type\":\"WebPage\",\"@id\":\"http:\/\/cahiers-ikonium.fr\/index.php\/folio-1\/\",\"url\":\"http:\/\/cahiers-ikonium.fr\/index.php\/folio-1\/\",\"name\":\"Cahier 1 : L\u2019art contemporain\/conceptuel, crash de l\u2019Histoire de l\u2019Art -\",\"isPartOf\":{\"@id\":\"http:\/\/cahiers-ikonium.fr\/#website\"},\"datePublished\":\"2023-07-09T18:43:45+00:00\",\"dateModified\":\"2023-08-14T10:11:10+00:00\",\"description\":\"cahiers ikonium cahiers-ikonium\",\"breadcrumb\":{\"@id\":\"http:\/\/cahiers-ikonium.fr\/index.php\/folio-1\/#breadcrumb\"},\"inLanguage\":\"fr-FR\",\"potentialAction\":[{\"@type\":\"ReadAction\",\"target\":[\"http:\/\/cahiers-ikonium.fr\/index.php\/folio-1\/\"]}]},{\"@type\":\"BreadcrumbList\",\"@id\":\"http:\/\/cahiers-ikonium.fr\/index.php\/folio-1\/#breadcrumb\",\"itemListElement\":[{\"@type\":\"ListItem\",\"position\":1,\"name\":\"Accueil\",\"item\":\"http:\/\/cahiers-ikonium.fr\/\"},{\"@type\":\"ListItem\",\"position\":2,\"name\":\"Cahier 1 : L\u2019art contemporain\/conceptuel, crash de l\u2019Histoire de l\u2019Art\"}]},{\"@type\":\"WebSite\",\"@id\":\"http:\/\/cahiers-ikonium.fr\/#website\",\"url\":\"http:\/\/cahiers-ikonium.fr\/\",\"name\":\"Cahiers Ikonium\",\"description\":\"\",\"potentialAction\":[{\"@type\":\"SearchAction\",\"target\":{\"@type\":\"EntryPoint\",\"urlTemplate\":\"http:\/\/cahiers-ikonium.fr\/?s={search_term_string}\"},\"query-input\":\"required name=search_term_string\"}],\"inLanguage\":\"fr-FR\"}]}<\/script>\n<!-- \/ Yoast SEO plugin. -->","yoast_head_json":{"title":"Cahier 1 : L\u2019art contemporain\/conceptuel, crash de l\u2019Histoire de l\u2019Art -","description":"cahiers ikonium cahiers-ikonium","robots":{"index":"index","follow":"follow","max-snippet":"max-snippet:-1","max-image-preview":"max-image-preview:large","max-video-preview":"max-video-preview:-1"},"canonical":"http:\/\/cahiers-ikonium.fr\/index.php\/folio-1\/","og_locale":"fr_FR","og_type":"article","og_title":"Cahier 1 : L\u2019art contemporain\/conceptuel, crash de l\u2019Histoire de l\u2019Art -","og_description":"cahiers ikonium cahiers-ikonium","og_url":"http:\/\/cahiers-ikonium.fr\/index.php\/folio-1\/","article_modified_time":"2023-08-14T10:11:10+00:00","og_image":[{"url":"http:\/\/cahiers-ikonium.fr\/wp-content\/uploads\/2023\/08\/0-CAHIER-IKONIUM-1-LART-CONTEMPORAIN-CONCEPTUEL-CRASH-DE-LHISTOIRE-DE-LART-SOMMAIRE_Page_1-scaled.jpg"}],"twitter_card":"summary_large_image","twitter_misc":{"Dur\u00e9e de lecture estim\u00e9e":"1 minute"},"schema":{"@context":"https:\/\/schema.org","@graph":[{"@type":"WebPage","@id":"http:\/\/cahiers-ikonium.fr\/index.php\/folio-1\/","url":"http:\/\/cahiers-ikonium.fr\/index.php\/folio-1\/","name":"Cahier 1 : L\u2019art contemporain\/conceptuel, crash de l\u2019Histoire de l\u2019Art -","isPartOf":{"@id":"http:\/\/cahiers-ikonium.fr\/#website"},"datePublished":"2023-07-09T18:43:45+00:00","dateModified":"2023-08-14T10:11:10+00:00","description":"cahiers ikonium cahiers-ikonium","breadcrumb":{"@id":"http:\/\/cahiers-ikonium.fr\/index.php\/folio-1\/#breadcrumb"},"inLanguage":"fr-FR","potentialAction":[{"@type":"ReadAction","target":["http:\/\/cahiers-ikonium.fr\/index.php\/folio-1\/"]}]},{"@type":"BreadcrumbList","@id":"http:\/\/cahiers-ikonium.fr\/index.php\/folio-1\/#breadcrumb","itemListElement":[{"@type":"ListItem","position":1,"name":"Accueil","item":"http:\/\/cahiers-ikonium.fr\/"},{"@type":"ListItem","position":2,"name":"Cahier 1 : L\u2019art contemporain\/conceptuel, crash de l\u2019Histoire de l\u2019Art"}]},{"@type":"WebSite","@id":"http:\/\/cahiers-ikonium.fr\/#website","url":"http:\/\/cahiers-ikonium.fr\/","name":"Cahiers Ikonium","description":"","potentialAction":[{"@type":"SearchAction","target":{"@type":"EntryPoint","urlTemplate":"http:\/\/cahiers-ikonium.fr\/?s={search_term_string}"},"query-input":"required name=search_term_string"}],"inLanguage":"fr-FR"}]}},"_links":{"self":[{"href":"https:\/\/cahiers-ikonium.fr\/index.php\/wp-json\/wp\/v2\/pages\/39","targetHints":{"allow":["GET"]}}],"collection":[{"href":"https:\/\/cahiers-ikonium.fr\/index.php\/wp-json\/wp\/v2\/pages"}],"about":[{"href":"https:\/\/cahiers-ikonium.fr\/index.php\/wp-json\/wp\/v2\/types\/page"}],"author":[{"embeddable":true,"href":"https:\/\/cahiers-ikonium.fr\/index.php\/wp-json\/wp\/v2\/users\/1"}],"replies":[{"embeddable":true,"href":"https:\/\/cahiers-ikonium.fr\/index.php\/wp-json\/wp\/v2\/comments?post=39"}],"version-history":[{"count":38,"href":"https:\/\/cahiers-ikonium.fr\/index.php\/wp-json\/wp\/v2\/pages\/39\/revisions"}],"predecessor-version":[{"id":10904,"href":"https:\/\/cahiers-ikonium.fr\/index.php\/wp-json\/wp\/v2\/pages\/39\/revisions\/10904"}],"wp:attachment":[{"href":"https:\/\/cahiers-ikonium.fr\/index.php\/wp-json\/wp\/v2\/media?parent=39"}],"curies":[{"name":"wp","href":"https:\/\/api.w.org\/{rel}","templated":true}]}}