{"id":35,"date":"2023-07-09T20:30:31","date_gmt":"2023-07-09T18:30:31","guid":{"rendered":"http:\/\/cahiers-ikonium.fr\/?page_id=35"},"modified":"2023-08-14T12:11:37","modified_gmt":"2023-08-14T10:11:37","slug":"folio-2","status":"publish","type":"page","link":"https:\/\/cahiers-ikonium.fr\/index.php\/folio-2\/","title":{"rendered":"Cahier 2 : L\u2019Affaire Climat et quelques autres qui lui ressemblent"},"content":{"rendered":"\n<figure class=\"wp-block-image aligncenter size-full\"><img loading=\"lazy\" decoding=\"async\" width=\"1810\" height=\"2560\" src=\"http:\/\/cahiers-ikonium.fr\/wp-content\/uploads\/2023\/08\/0-CAHIER-IKONIUM-2-LAFFAIRE-CLIMAT-SOMMAIRE_Page_1-scaled.jpg\" alt=\"\" class=\"wp-image-10888\" srcset=\"https:\/\/cahiers-ikonium.fr\/wp-content\/uploads\/2023\/08\/0-CAHIER-IKONIUM-2-LAFFAIRE-CLIMAT-SOMMAIRE_Page_1-scaled.jpg 1810w, https:\/\/cahiers-ikonium.fr\/wp-content\/uploads\/2023\/08\/0-CAHIER-IKONIUM-2-LAFFAIRE-CLIMAT-SOMMAIRE_Page_1-212x300.jpg 212w, https:\/\/cahiers-ikonium.fr\/wp-content\/uploads\/2023\/08\/0-CAHIER-IKONIUM-2-LAFFAIRE-CLIMAT-SOMMAIRE_Page_1-724x1024.jpg 724w, https:\/\/cahiers-ikonium.fr\/wp-content\/uploads\/2023\/08\/0-CAHIER-IKONIUM-2-LAFFAIRE-CLIMAT-SOMMAIRE_Page_1-768x1086.jpg 768w, https:\/\/cahiers-ikonium.fr\/wp-content\/uploads\/2023\/08\/0-CAHIER-IKONIUM-2-LAFFAIRE-CLIMAT-SOMMAIRE_Page_1-1086x1536.jpg 1086w\" sizes=\"auto, (max-width: 1810px) 100vw, 1810px\" \/><\/figure>\n\n\n<p style=\"text-align: center;\"><span style=\"font-family: elephant; font-size: 18pt;\"><strong>\u2022<\/strong><\/span><\/p>\n<p>\u00a0<\/p>\n\n\n<p><\/p>\n\n\n\n<p class=\"has-text-align-center\" style=\"padding-right:100px;padding-left:100px;line-height:1.5\"><span style=\"font-family: elephant; font-size: 24pt;\"><a href=\"http:\/\/cahiers-ikonium.fr\/index.php\/f2c01\">Le GIEC, alias L\u2019Affaire LyssenCO<sub>2 <\/sub>&#8230;<\/a>&nbsp; <span style=\"font-family: Helvetica; color: #c00000;\"><em>Il n\u2019y a aucune urgence climatique<\/em><\/span><\/span><\/p>\n\n\n\n<p class=\"has-text-align-center\" style=\"padding-right:100px;padding-left:100px;line-height:1.5\"><span style=\"font-family: elephant; font-size: 24pt;\"><a href=\"http:\/\/cahiers-ikonium.fr\/index.php\/f2c02\">L\u2019\u00e9cologisme, l\u2019autre peste verte<\/a>&nbsp; <span style=\"font-family: Helvetica; color: #c00000;\"><em>Le CO<sub>2<\/sub> n\u2019est pas un polluant, c\u2019est un fertilisant<\/em><\/span><\/span><\/p>\n\n\n\n<p class=\"has-text-align-center\" style=\"padding-right:100px;padding-left:100px;line-height:1.5\"><span style=\"font-family: elephant; font-size: 24pt;\"><a href=\"http:\/\/cahiers-ikonium.fr\/index.php\/f2c03\">Olivier Postel-Vinay<\/a>&nbsp; <span style=\"font-family: Helvetica; color: #c00000;\"><em>Sapiens et le climat<\/em><\/span><\/span><\/p>\n\n\n\n<p class=\"has-text-align-center\" style=\"padding-right:100px;padding-left:100px;line-height:1.5\"><span style=\"font-family: elephant; font-size: 24pt;\"><a href=\"http:\/\/cahiers-ikonium.fr\/index.php\/f2c04\">Christian Gerondeau<\/a>&nbsp; <span style=\"font-family: Helvetica; color: #c00000;\"><em>Les douze mensonges du GIEC<\/em><\/span><\/span><\/p>\n\n\n\n<p class=\"has-text-align-center\" style=\"padding-right:100px;padding-left:100px;line-height:1.5\"><span style=\"font-family: elephant; font-size: 24pt;\"><a href=\"http:\/\/cahiers-ikonium.fr\/index.php\/f2c05\">Freeman Dyson<\/a>&nbsp; <span style=\"color: #c00000; font-family: Helvetica;\"><em>Le scientifique comme rebelle<\/em><\/span><\/span><\/p>\n\n\n\n<p class=\"has-text-align-center\" style=\"padding-right:100px;padding-left:100px;line-height:1.5\"><span style=\"font-family: elephant; font-size: 24pt;\"><a href=\"http:\/\/cahiers-ikonium.fr\/index.php\/f2c06\">Jean de Kervasdou\u00e9<\/a>&nbsp; <span style=\"font-family: Helvetica; color: #c00000;\"><em>Les \u00e9colos nous mentent&nbsp;!<\/em><\/span><\/span><\/p>\n\n\n\n<p class=\"has-text-align-center\" style=\"padding-right:100px;padding-left:100px;line-height:1.5\"><span style=\"font-family: elephant; font-size: 24pt;\"><a href=\"http:\/\/cahiers-ikonium.fr\/index.php\/f2c07\">William Happer<\/a>&nbsp; <span style=\"color: #c00000; font-family: Helvetica;\"><em>Entretien<\/em><\/span><\/span><\/p>\n\n\n\n<p class=\"has-text-align-center\" style=\"padding-right:100px;padding-left:100px;line-height:1.5\"><span style=\"font-family: elephant; font-size: 24pt;\"><a href=\"http:\/\/cahiers-ikonium.fr\/index.php\/f2c08\">Vincent Courtillot<\/a>&nbsp; <span style=\"font-family: Helvetica; color: #c00000;\"><em>Nouveau voyage au centre de la terre<\/em><\/span><\/span><\/p>\n\n\n\n<p class=\"has-text-align-center\" style=\"padding-right:100px;padding-left:100px;line-height:1.5\"><span style=\"font-family: elephant; font-size: 24pt;\"><a href=\"http:\/\/cahiers-ikonium.fr\/index.php\/f2c09\">Beno\u00eet Rittaud<\/a><em>&nbsp; <span style=\"color: #c00000; font-family: Helvetica;\">Le mythe climatique<\/span><\/em><\/span><\/p>\n\n\n\n<p class=\"has-text-align-center\" style=\"padding-right:100px;padding-left:100px;line-height:1.5\"><span style=\"font-family: elephant; font-size: 24pt;\"><a href=\"http:\/\/cahiers-ikonium.fr\/index.php\/f2c10\">Istvan Mark\u00f3<\/a>&nbsp; <span style=\"color: #c00000; font-family: Helvetica;\"><em>Climat&nbsp;<\/em>:<em>&nbsp;15 v\u00e9rit\u00e9s qui d\u00e9rangent<\/em><\/span><\/span><\/p>\n\n\n\n<p class=\"has-text-align-center\" style=\"padding-right:100px;padding-left:100px;line-height:1.5\"><span style=\"font-family: elephant; font-size: 24pt;\"><a href=\"http:\/\/cahiers-ikonium.fr\/index.php\/f2c11\">R\u00e9my Prud\u2019homme<\/a><em>&nbsp; <span style=\"color: #c00000; font-family: Helvetica;\">Le mythe des \u00e9nergies renouvelables<\/span><\/em><\/span><\/p>\n\n\n\n<p class=\"has-text-align-center\" style=\"padding-right:100px;padding-left:100px;line-height:1.5\"><span style=\"font-family: elephant; font-size: 24pt;\"><a href=\"http:\/\/cahiers-ikonium.fr\/index.php\/f2c12\">Richard Lindzen<\/a>&nbsp; <span style=\"font-family: Helvetica;\"><em><span style=\"color: #c00000;\">Croire que le CO<sub>2<\/sub> contr\u00f4le le climat, c\u2019est \u00e0 peu pr\u00e8s comme \u201ccroire \u00e0 la magie\u201d<\/span> <\/em><\/span><\/span><\/p>\n\n\n\n<p class=\"has-text-align-center\" style=\"padding-right:100px;padding-left:100px;line-height:1.5\"><span style=\"font-family: elephant; font-size: 24pt;\"><a href=\"http:\/\/cahiers-ikonium.fr\/index.php\/f2c13\">Samuele Furfari<\/a><em>&nbsp; <span style=\"color: #c00000; font-family: Helvetica;\">L\u2019\u00e9cologie au pays des merveilles<\/span><\/em><\/span><\/p>\n\n\n\n<p class=\"has-text-align-center\" style=\"padding-right:100px;padding-left:100px;line-height:1.5\"><span style=\"font-family: elephant; font-size: 24pt;\"><a href=\"http:\/\/cahiers-ikonium.fr\/index.php\/f2c14\">Gil Riviere-Wekstein<\/a>&nbsp; <span style=\"color: #c00000; font-family: Helvetica;\"><em>Panique dans l\u2019assiette<\/em><\/span><\/span><\/p>\n\n\n\n<p class=\"has-text-align-center\" style=\"padding-right:100px;padding-left:100px;line-height:1.5\"><span style=\"font-family: elephant; font-size: 24pt;\"><a href=\"http:\/\/cahiers-ikonium.fr\/index.php\/f2c15\">Fran\u00e7ois Gervais<\/a>&nbsp; <span style=\"color: #c00000; font-family: Helvetica;\"><em>L\u2019urgence climatique est un leurre<\/em><\/span><\/span><\/p>\n\n\n\n<p class=\"has-text-align-center\" style=\"padding-right:100px;padding-left:100px;line-height:1.5\"><span style=\"font-family: elephant; font-size: 24pt;\"><a href=\"http:\/\/cahiers-ikonium.fr\/index.php\/f2c16\">Agriculture \u201cbio\u201d<\/a>&nbsp; <span style=\"color: #c00000; font-family: Helvetica;\"><em>Tromperies subventionn\u00e9es<\/em><\/span><\/span><\/p>\n\n\n\n<p class=\"has-text-align-center\" style=\"padding-right:100px;padding-left:100px;line-height:1.5\"><span style=\"font-family: elephant; font-size: 24pt;\"><a href=\"http:\/\/cahiers-ikonium.fr\/index.php\/f2c17\">Guillaume Pitron<\/a>&nbsp; <span style=\"color: #c00000; font-family: Helvetica;\"><em>La guerre des m\u00e9taux rares<\/em><\/span><\/span><\/p>\n\n\n\n<p class=\"has-text-align-center\" style=\"padding-right:100px;padding-left:100px;line-height:1.5\"><span style=\"font-family: elephant; font-size: 24pt;\"><a href=\"http:\/\/cahiers-ikonium.fr\/index.php\/f2c18\">Judith Curry<\/a>&nbsp; <span style=\"color: #c00000; font-family: Helvetica;\"><em>Le cr\u00e9puscule du mouvement du changement climatique<\/em><\/span><\/span><\/p>\n\n\n\n<p class=\"has-text-align-center\" style=\"padding-right:100px;padding-left:100px;line-height:1.5\"><span style=\"font-family: elephant; font-size: 24pt;\"><a href=\"http:\/\/cahiers-ikonium.fr\/index.php\/f2c19\">Sylvie Brunel<\/a>&nbsp; <span style=\"color: #c00000; font-family: Helvetica;\"><em>La grande religion climatique<\/em><\/span><\/span><\/p>\n\n\n\n<p class=\"has-text-align-center\" style=\"padding-right:100px;padding-left:100px;line-height:1.5\"><span style=\"font-family: elephant; font-size: 24pt;\"><a href=\"http:\/\/cahiers-ikonium.fr\/index.php\/f2c20\">Fritz Vahrenholt<\/a>&nbsp; <span style=\"color: #c00000; font-family: Helvetica;\"><em>Suicide de l\u2019Europe<\/em><\/span><\/span><\/p>\n\n\n\n<p class=\"has-text-align-center\" style=\"padding-right:100px;padding-left:100px;line-height:1.5\"><span style=\"font-family: elephant; font-size: 24pt;\"><a href=\"http:\/\/cahiers-ikonium.fr\/index.php\/f2c21\">Utopie<\/a>&nbsp; <span style=\"color: #c00000; font-family: Helvetica;\"><em>L\u2019hydrog\u00e8ne est le carburant de l\u2019avenir\u2026et il le restera<\/em><\/span><\/span><\/p>\n\n\n\n<p class=\"has-text-align-center\" style=\"padding-right:100px;padding-left:100px;line-height:1.5\"><span style=\"font-family: elephant; font-size: 24pt;\"><a href=\"http:\/\/cahiers-ikonium.fr\/index.php\/f2c22\">2000 ans<\/a>&nbsp; <span style=\"color: #c00000; font-family: Helvetica;\"><em>de d\u00e9r\u00e8glements climatiques<\/em><\/span><\/span><\/p>\n\n\n<p>\u00a0<\/p>\n<p style=\"text-align: center;\"><span style=\"font-family: elephant; font-size: 18pt;\"><strong>\u2022<\/strong><\/span><\/p>\n<p style=\"text-align: center;\"><span style=\"font-family: Arial Black, Avant Garde; font-size: 12pt;\"><a href=\"http:\/\/cahiers-ikonium.fr\/\" target=\"_blank\" rel=\"noopener\">RETOUR \u00c0 L\u2019ACCUEIL<\/a><\/span><\/p>","protected":false},"excerpt":{"rendered":"<p>\u2022 \u00a0 Le GIEC, alias L\u2019Affaire LyssenCO2 &#8230;&nbsp; Il n\u2019y a aucune urgence climatique L\u2019\u00e9cologisme, l\u2019autre peste verte&nbsp; Le CO2 n\u2019est pas un polluant, c\u2019est un fertilisant Olivier Postel-Vinay&nbsp; Sapiens et le climat Christian Gerondeau&nbsp; Les douze mensonges du GIEC Freeman Dyson&nbsp; Le scientifique comme rebelle Jean de Kervasdou\u00e9&nbsp; Les \u00e9colos nous mentent&nbsp;! William Happer&nbsp; &hellip;<\/p>\n<p class=\"read-more\"> <a class=\"\" href=\"https:\/\/cahiers-ikonium.fr\/index.php\/folio-2\/\"> <span class=\"screen-reader-text\">Cahier 2 : L\u2019Affaire Climat et quelques autres qui lui ressemblent<\/span> Lire la suite\u00a0\u00bb<\/a><\/p>\n","protected":false},"author":1,"featured_media":0,"parent":0,"menu_order":0,"comment_status":"closed","ping_status":"closed","template":"","meta":{"site-sidebar-layout":"default","site-content-layout":"default","ast-global-header-display":"","ast-banner-title-visibility":"","ast-main-header-display":"","ast-hfb-above-header-display":"","ast-hfb-below-header-display":"","ast-hfb-mobile-header-display":"","site-post-title":"","ast-breadcrumbs-content":"","ast-featured-img":"","footer-sml-layout":"","theme-transparent-header-meta":"","adv-header-id-meta":"","stick-header-meta":"","header-above-stick-meta":"","header-main-stick-meta":"","header-below-stick-meta":"","footnotes":""},"class_list":["post-35","page","type-page","status-publish","hentry"],"acf":[],"yoast_head":"<!-- This site is optimized with the Yoast SEO plugin v20.13 - https:\/\/yoast.com\/wordpress\/plugins\/seo\/ -->\n<title>Cahier 2 : L\u2019Affaire Climat et quelques autres qui lui ressemblent -<\/title>\n<meta name=\"description\" content=\"cahiers ikonium cahiers-ikonium\" \/>\n<meta name=\"robots\" content=\"index, follow, max-snippet:-1, max-image-preview:large, max-video-preview:-1\" \/>\n<link rel=\"canonical\" href=\"http:\/\/cahiers-ikonium.fr\/index.php\/folio-2\/\" \/>\n<meta property=\"og:locale\" content=\"fr_FR\" \/>\n<meta property=\"og:type\" content=\"article\" \/>\n<meta property=\"og:title\" content=\"Cahier 2 : L\u2019Affaire Climat et quelques autres qui lui ressemblent -\" \/>\n<meta property=\"og:description\" content=\"cahiers ikonium cahiers-ikonium\" \/>\n<meta property=\"og:url\" content=\"http:\/\/cahiers-ikonium.fr\/index.php\/folio-2\/\" \/>\n<meta property=\"article:modified_time\" content=\"2023-08-14T10:11:37+00:00\" \/>\n<meta property=\"og:image\" content=\"http:\/\/cahiers-ikonium.fr\/wp-content\/uploads\/2023\/08\/0-CAHIER-IKONIUM-2-LAFFAIRE-CLIMAT-SOMMAIRE_Page_1-scaled.jpg\" \/>\n<meta name=\"twitter:card\" content=\"summary_large_image\" \/>\n<meta name=\"twitter:label1\" content=\"Dur\u00e9e de lecture estim\u00e9e\" \/>\n\t<meta name=\"twitter:data1\" content=\"2 minutes\" \/>\n<script type=\"application\/ld+json\" class=\"yoast-schema-graph\">{\"@context\":\"https:\/\/schema.org\",\"@graph\":[{\"@type\":\"WebPage\",\"@id\":\"http:\/\/cahiers-ikonium.fr\/index.php\/folio-2\/\",\"url\":\"http:\/\/cahiers-ikonium.fr\/index.php\/folio-2\/\",\"name\":\"Cahier 2 : L\u2019Affaire Climat et quelques autres qui lui ressemblent -\",\"isPartOf\":{\"@id\":\"http:\/\/cahiers-ikonium.fr\/#website\"},\"datePublished\":\"2023-07-09T18:30:31+00:00\",\"dateModified\":\"2023-08-14T10:11:37+00:00\",\"description\":\"cahiers ikonium cahiers-ikonium\",\"breadcrumb\":{\"@id\":\"http:\/\/cahiers-ikonium.fr\/index.php\/folio-2\/#breadcrumb\"},\"inLanguage\":\"fr-FR\",\"potentialAction\":[{\"@type\":\"ReadAction\",\"target\":[\"http:\/\/cahiers-ikonium.fr\/index.php\/folio-2\/\"]}]},{\"@type\":\"BreadcrumbList\",\"@id\":\"http:\/\/cahiers-ikonium.fr\/index.php\/folio-2\/#breadcrumb\",\"itemListElement\":[{\"@type\":\"ListItem\",\"position\":1,\"name\":\"Accueil\",\"item\":\"http:\/\/cahiers-ikonium.fr\/\"},{\"@type\":\"ListItem\",\"position\":2,\"name\":\"Cahier 2 : L\u2019Affaire Climat et quelques autres qui lui ressemblent\"}]},{\"@type\":\"WebSite\",\"@id\":\"http:\/\/cahiers-ikonium.fr\/#website\",\"url\":\"http:\/\/cahiers-ikonium.fr\/\",\"name\":\"Cahiers Ikonium\",\"description\":\"\",\"potentialAction\":[{\"@type\":\"SearchAction\",\"target\":{\"@type\":\"EntryPoint\",\"urlTemplate\":\"http:\/\/cahiers-ikonium.fr\/?s={search_term_string}\"},\"query-input\":\"required name=search_term_string\"}],\"inLanguage\":\"fr-FR\"}]}<\/script>\n<!-- \/ Yoast SEO plugin. -->","yoast_head_json":{"title":"Cahier 2 : L\u2019Affaire Climat et quelques autres qui lui ressemblent -","description":"cahiers ikonium cahiers-ikonium","robots":{"index":"index","follow":"follow","max-snippet":"max-snippet:-1","max-image-preview":"max-image-preview:large","max-video-preview":"max-video-preview:-1"},"canonical":"http:\/\/cahiers-ikonium.fr\/index.php\/folio-2\/","og_locale":"fr_FR","og_type":"article","og_title":"Cahier 2 : L\u2019Affaire Climat et quelques autres qui lui ressemblent -","og_description":"cahiers ikonium cahiers-ikonium","og_url":"http:\/\/cahiers-ikonium.fr\/index.php\/folio-2\/","article_modified_time":"2023-08-14T10:11:37+00:00","og_image":[{"url":"http:\/\/cahiers-ikonium.fr\/wp-content\/uploads\/2023\/08\/0-CAHIER-IKONIUM-2-LAFFAIRE-CLIMAT-SOMMAIRE_Page_1-scaled.jpg"}],"twitter_card":"summary_large_image","twitter_misc":{"Dur\u00e9e de lecture estim\u00e9e":"2 minutes"},"schema":{"@context":"https:\/\/schema.org","@graph":[{"@type":"WebPage","@id":"http:\/\/cahiers-ikonium.fr\/index.php\/folio-2\/","url":"http:\/\/cahiers-ikonium.fr\/index.php\/folio-2\/","name":"Cahier 2 : L\u2019Affaire Climat et quelques autres qui lui ressemblent -","isPartOf":{"@id":"http:\/\/cahiers-ikonium.fr\/#website"},"datePublished":"2023-07-09T18:30:31+00:00","dateModified":"2023-08-14T10:11:37+00:00","description":"cahiers ikonium cahiers-ikonium","breadcrumb":{"@id":"http:\/\/cahiers-ikonium.fr\/index.php\/folio-2\/#breadcrumb"},"inLanguage":"fr-FR","potentialAction":[{"@type":"ReadAction","target":["http:\/\/cahiers-ikonium.fr\/index.php\/folio-2\/"]}]},{"@type":"BreadcrumbList","@id":"http:\/\/cahiers-ikonium.fr\/index.php\/folio-2\/#breadcrumb","itemListElement":[{"@type":"ListItem","position":1,"name":"Accueil","item":"http:\/\/cahiers-ikonium.fr\/"},{"@type":"ListItem","position":2,"name":"Cahier 2 : L\u2019Affaire Climat et quelques autres qui lui ressemblent"}]},{"@type":"WebSite","@id":"http:\/\/cahiers-ikonium.fr\/#website","url":"http:\/\/cahiers-ikonium.fr\/","name":"Cahiers Ikonium","description":"","potentialAction":[{"@type":"SearchAction","target":{"@type":"EntryPoint","urlTemplate":"http:\/\/cahiers-ikonium.fr\/?s={search_term_string}"},"query-input":"required name=search_term_string"}],"inLanguage":"fr-FR"}]}},"_links":{"self":[{"href":"https:\/\/cahiers-ikonium.fr\/index.php\/wp-json\/wp\/v2\/pages\/35","targetHints":{"allow":["GET"]}}],"collection":[{"href":"https:\/\/cahiers-ikonium.fr\/index.php\/wp-json\/wp\/v2\/pages"}],"about":[{"href":"https:\/\/cahiers-ikonium.fr\/index.php\/wp-json\/wp\/v2\/types\/page"}],"author":[{"embeddable":true,"href":"https:\/\/cahiers-ikonium.fr\/index.php\/wp-json\/wp\/v2\/users\/1"}],"replies":[{"embeddable":true,"href":"https:\/\/cahiers-ikonium.fr\/index.php\/wp-json\/wp\/v2\/comments?post=35"}],"version-history":[{"count":47,"href":"https:\/\/cahiers-ikonium.fr\/index.php\/wp-json\/wp\/v2\/pages\/35\/revisions"}],"predecessor-version":[{"id":10905,"href":"https:\/\/cahiers-ikonium.fr\/index.php\/wp-json\/wp\/v2\/pages\/35\/revisions\/10905"}],"wp:attachment":[{"href":"https:\/\/cahiers-ikonium.fr\/index.php\/wp-json\/wp\/v2\/media?parent=35"}],"curies":[{"name":"wp","href":"https:\/\/api.w.org\/{rel}","templated":true}]}}